{"id":3808,"date":"2021-01-04T05:55:06","date_gmt":"2021-01-04T05:55:06","guid":{"rendered":"http:\/\/radiustheme.com\/demo\/wordpress\/themes\/aeen\/?page_id=3808"},"modified":"2021-10-15T10:51:50","modified_gmt":"2021-10-15T10:51:50","slug":"practice-page","status":"publish","type":"page","link":"https:\/\/joaoadvocacia.com\/es\/practice-page\/","title":{"rendered":"Practice"},"content":{"rendered":"<div data-elementor-type=\"wp-page\" data-elementor-id=\"3808\" class=\"elementor elementor-3808\" data-elementor-settings=\"[]\">\n\t\t\t\t\t\t\t<div class=\"elementor-section-wrap\">\n\t\t\t\t\t\t\t<section class=\"elementor-section elementor-top-section elementor-element elementor-element-734d0bc elementor-section-boxed elementor-section-height-default elementor-section-height-default\" data-id=\"734d0bc\" data-element_type=\"section\">\n\t\t\t\t\t\t<div class=\"elementor-container elementor-column-gap-default\">\n\t\t\t\t\t<div class=\"elementor-column elementor-col-100 elementor-top-column elementor-element elementor-element-edcd5d2\" data-id=\"edcd5d2\" data-element_type=\"column\">\n\t\t\t<div class=\"elementor-widget-wrap elementor-element-populated\">\n\t\t\t\t\t\t\t\t<div class=\"elementor-element elementor-element-e73b5bc elementor-widget elementor-widget-rt-section-heading\" data-id=\"e73b5bc\" data-element_type=\"widget\" data-widget_type=\"rt-section-heading.default\">\n\t\t\t\t<div class=\"elementor-widget-container\">\n\t\t\t\n<div class=\"section-heading2\">\n\t\t<h2 class=\"heading-main-title\">Areas de actuaci\u00f3n<\/h2>\n\t<\/div>\t\t<\/div>\n\t\t\t\t<\/div>\n\t\t\t\t<section class=\"elementor-section elementor-inner-section elementor-element elementor-element-3f103a9 elementor-section-boxed elementor-section-height-default elementor-section-height-default\" data-id=\"3f103a9\" data-element_type=\"section\">\n\t\t\t\t\t\t<div class=\"elementor-container elementor-column-gap-default\">\n\t\t\t\t\t<div class=\"elementor-column elementor-col-100 elementor-inner-column elementor-element elementor-element-2ee28c3\" data-id=\"2ee28c3\" data-element_type=\"column\">\n\t\t\t<div class=\"elementor-widget-wrap elementor-element-populated\">\n\t\t\t\t\t\t\t\t<div class=\"elementor-element elementor-element-c1e581c elementor-widget elementor-widget-rt-practice\" data-id=\"c1e581c\" data-element_type=\"widget\" data-widget_type=\"rt-practice.default\">\n\t\t\t\t<div class=\"elementor-widget-container\">\n\t\t\t\n\n<div class=\"row\">\n        <div class=\"col-xl-4 col-md-6 col-12 wow animated fadeInUp\" data-wow-delay=\"0.4s\">\n        <div class=\"practice-box-layout1\">\n            <div class=\"item-icon\">\n                <i class=\"flaticon-group\"><\/i>\n            <\/div>\n            <h3 class=\"item-title\"><a href=\"https:\/\/joaoadvocacia.com\/es\/practice\/direito-internacional\/\">Derecho Internacional<\/a><\/h3>\n                    <\/div>\n    <\/div>\n        <div class=\"col-xl-4 col-md-6 col-12 wow animated fadeInUp\" data-wow-delay=\"0.5s\">\n        <div class=\"practice-box-layout1\">\n            <div class=\"item-icon\">\n                <i class=\"flaticon-book-1\"><\/i>\n            <\/div>\n            <h3 class=\"item-title\"><a href=\"https:\/\/joaoadvocacia.com\/es\/practice\/direito-trabalhista\/\">Derecho Laboral<\/a><\/h3>\n                    <\/div>\n    <\/div>\n        <div class=\"col-xl-4 col-md-6 col-12 wow animated fadeInUp\" data-wow-delay=\"0.6s\">\n        <div class=\"practice-box-layout1\">\n            <div class=\"item-icon\">\n                <i class=\"flaticon-career\"><\/i>\n            <\/div>\n            <h3 class=\"item-title\"><a href=\"https:\/\/joaoadvocacia.com\/es\/practice\/direito-empresarial\/\">Derecho Empresarial<\/a><\/h3>\n                    <\/div>\n    <\/div>\n        <div class=\"col-xl-4 col-md-6 col-12 wow animated fadeInUp\" data-wow-delay=\"0.4s\">\n        <div class=\"practice-box-layout1\">\n            <div class=\"item-icon\">\n                <i class=\"flaticon-arrest\"><\/i>\n            <\/div>\n            <h3 class=\"item-title\"><a href=\"https:\/\/joaoadvocacia.com\/es\/practice\/direito-criminal\/\">Derecho Penal<\/a><\/h3>\n                    <\/div>\n    <\/div>\n        <div class=\"col-xl-4 col-md-6 col-12 wow animated fadeInUp\" data-wow-delay=\"0.5s\">\n        <div class=\"practice-box-layout1\">\n            <div class=\"item-icon\">\n                <i class=\"flaticon-law-1\"><\/i>\n            <\/div>\n            <h3 class=\"item-title\"><a href=\"https:\/\/joaoadvocacia.com\/es\/practice\/direito-de-familia\/\">Derecho Familiar<\/a><\/h3>\n                    <\/div>\n    <\/div>\n        <div class=\"col-xl-4 col-md-6 col-12 wow animated fadeInUp\" data-wow-delay=\"0.6s\">\n        <div class=\"practice-box-layout1\">\n            <div class=\"item-icon\">\n                <i class=\"flaticon-law-2\"><\/i>\n            <\/div>\n            <h3 class=\"item-title\"><a href=\"https:\/\/joaoadvocacia.com\/es\/practice\/civil\/\">Derecho Civil<\/a><\/h3>\n                    <\/div>\n    <\/div>\n        <\/div>\n\n\n\t\t<\/div>\n\t\t\t\t<\/div>\n\t\t\t\t\t<\/div>\n\t\t<\/div>\n\t\t\t\t\t\t\t<\/div>\n\t\t<\/section>\n\t\t\t\t\t<\/div>\n\t\t<\/div>\n\t\t\t\t\t\t\t<\/div>\n\t\t<\/section>\n\t\t\t\t\t\t<\/div>\n\t\t\t\t\t<\/div>","protected":false},"excerpt":{"rendered":"<p>\u00c1reas de atua\u00e7\u00e3o Direito Internacional Direito Trabalhista Direito Empresarial Direito Penal Direito de Fam\u00edlia Direito Civil<\/p>","protected":false},"author":1,"featured_media":0,"parent":0,"menu_order":0,"comment_status":"closed","ping_status":"closed","template":"templates\/blank.php","meta":[],"_links":{"self":[{"href":"https:\/\/joaoadvocacia.com\/es\/wp-json\/wp\/v2\/pages\/3808"}],"collection":[{"href":"https:\/\/joaoadvocacia.com\/es\/wp-json\/wp\/v2\/pages"}],"about":[{"href":"https:\/\/joaoadvocacia.com\/es\/wp-json\/wp\/v2\/types\/page"}],"author":[{"embeddable":true,"href":"https:\/\/joaoadvocacia.com\/es\/wp-json\/wp\/v2\/users\/1"}],"replies":[{"embeddable":true,"href":"https:\/\/joaoadvocacia.com\/es\/wp-json\/wp\/v2\/comments?post=3808"}],"version-history":[{"count":9,"href":"https:\/\/joaoadvocacia.com\/es\/wp-json\/wp\/v2\/pages\/3808\/revisions"}],"predecessor-version":[{"id":9619,"href":"https:\/\/joaoadvocacia.com\/es\/wp-json\/wp\/v2\/pages\/3808\/revisions\/9619"}],"wp:attachment":[{"href":"https:\/\/joaoadvocacia.com\/es\/wp-json\/wp\/v2\/media?parent=3808"}],"curies":[{"name":"wp","href":"https:\/\/api.w.org\/{rel}","templated":true}]}}