{"id":657,"date":"2020-12-07T03:39:54","date_gmt":"2020-12-07T03:39:54","guid":{"rendered":"http:\/\/radiustheme.com\/demo\/wordpress\/themes\/aeen\/?page_id=657"},"modified":"2024-07-12T13:15:54","modified_gmt":"2024-07-12T13:15:54","slug":"about-us-2","status":"publish","type":"page","link":"https:\/\/joaoadvocacia.com\/en\/about-us-2\/","title":{"rendered":"About Us 2"},"content":{"rendered":"<div data-elementor-type=\"wp-page\" data-elementor-id=\"657\" class=\"elementor elementor-657\" data-elementor-settings=\"[]\">\n\t\t\t\t\t\t\t<div class=\"elementor-section-wrap\">\n\t\t\t\t\t\t\t<section class=\"elementor-section elementor-top-section elementor-element elementor-element-63fe1a1 elementor-section-boxed elementor-section-height-default elementor-section-height-default\" data-id=\"63fe1a1\" data-element_type=\"section\">\n\t\t\t\t\t\t<div class=\"elementor-container elementor-column-gap-default\">\n\t\t\t\t\t<div class=\"elementor-column elementor-col-50 elementor-top-column elementor-element elementor-element-c82319e\" data-id=\"c82319e\" data-element_type=\"column\">\n\t\t\t<div class=\"elementor-widget-wrap elementor-element-populated\">\n\t\t\t\t\t\t\t\t<div class=\"elementor-element elementor-element-935a7e5 elementor-widget elementor-widget-image\" data-id=\"935a7e5\" data-element_type=\"widget\" data-widget_type=\"image.default\">\n\t\t\t\t<div class=\"elementor-widget-container\">\n\t\t\t\t\t\t\t\t\t\t\t\t\t\t\t<img width=\"680\" height=\"1024\" src=\"https:\/\/joaoadvocacia.com\/wp-content\/uploads\/2024\/07\/2.jpg\" class=\"attachment-large size-large\" alt=\"\" loading=\"lazy\" \/>\t\t\t\t\t\t\t\t\t\t\t\t\t\t\t<\/div>\n\t\t\t\t<\/div>\n\t\t\t\t\t<\/div>\n\t\t<\/div>\n\t\t\t\t<div class=\"elementor-column elementor-col-50 elementor-top-column elementor-element elementor-element-299b9f0\" data-id=\"299b9f0\" data-element_type=\"column\">\n\t\t\t<div class=\"elementor-widget-wrap elementor-element-populated\">\n\t\t\t\t\t\t\t\t<div class=\"elementor-element elementor-element-b2c8e97 elementor-widget elementor-widget-heading\" data-id=\"b2c8e97\" data-element_type=\"widget\" data-widget_type=\"heading.default\">\n\t\t\t\t<div class=\"elementor-widget-container\">\n\t\t\t<h2 class=\"elementor-heading-title elementor-size-default\">Jo\u00e3o Law firme<\/h2>\t\t<\/div>\n\t\t\t\t<\/div>\n\t\t\t\t<div class=\"elementor-element elementor-element-0108ae4 elementor-widget elementor-widget-text-editor\" data-id=\"0108ae4\" data-element_type=\"widget\" data-widget_type=\"text-editor.default\">\n\t\t\t\t<div class=\"elementor-widget-container\">\n\t\t\t\t\t\t\t\t<p>The Jo\u00e3o Advocacy firm emerged with the commitment to serve its clients in a personalized and exclusive way. In addition to extensive legal knowledge, Jo\u00e3o Advocacy invests, above all, in the ability to prioritize the relationship with its clients from the beginning to the last procedural act, bearing in mind the principles of ethics, transparency and cooperation, which must be paramount.\u200b<\/p><p>Jo\u00e3o Advocacy works in several regions of Brazil with services in the cities of S\u00e3o Paulo, Campinas, Porto Ferreira and Ribeir\u00e3o Preto. Considering the state-of-the-art tools in the information technology area, the firm uses digital means to streamline and optimize all procedures in order to achieve satisfactory and effective results. In addition, we also operate in the European Union, with services in Lisbon, the Portuguese capital.<\/p><p>We use digital technologies to increase efficiency and, above all, the ability to remotely conduct procedural steps. It should be noted that, together with this, we maintain confidentiality in the first place while guaranteeing legal certainty and satisfactory results for our clients, in addition to optimizing financial and emotional costs in order to minimize our clients' investments and avoid monetary waste.\u200b<\/p><p>At the international level, it also stands out the performance in the European Union, in the Business, Civil and Criminal modalities, offering specialized services for individuals and companies, with service in Lisbon, the Portuguese capital.<\/p>\t\t\t\t\t\t<\/div>\n\t\t\t\t<\/div>\n\t\t\t\t\t<\/div>\n\t\t<\/div>\n\t\t\t\t\t\t\t<\/div>\n\t\t<\/section>\n\t\t\t\t<section class=\"elementor-section elementor-top-section elementor-element elementor-element-5abab102 elementor-section-full_width contact-progress-wrap-layout1 elementor-section-height-default elementor-section-height-default\" data-id=\"5abab102\" data-element_type=\"section\" data-settings=\"{&quot;background_background&quot;:&quot;classic&quot;}\">\n\t\t\t\t\t\t<div class=\"elementor-container elementor-column-gap-no\">\n\t\t\t\t\t<div class=\"elementor-column elementor-col-50 elementor-top-column elementor-element elementor-element-415c8ca4\" data-id=\"415c8ca4\" data-element_type=\"column\" data-settings=\"{&quot;background_background&quot;:&quot;classic&quot;}\">\n\t\t\t<div class=\"elementor-widget-wrap elementor-element-populated\">\n\t\t\t\t\t\t\t\t<section class=\"elementor-section elementor-inner-section elementor-element elementor-element-737ab467 elementor-hidden-tablet elementor-hidden-phone elementor-section-boxed elementor-section-height-default elementor-section-height-default\" data-id=\"737ab467\" data-element_type=\"section\" data-settings=\"{&quot;background_background&quot;:&quot;classic&quot;}\">\n\t\t\t\t\t\t<div class=\"elementor-container elementor-column-gap-default\">\n\t\t\t\t\t<div class=\"elementor-column elementor-col-50 elementor-inner-column elementor-element elementor-element-5d7d032e elementor-hidden-tablet elementor-hidden-phone\" data-id=\"5d7d032e\" data-element_type=\"column\">\n\t\t\t<div class=\"elementor-widget-wrap\">\n\t\t\t\t\t\t\t\t\t<\/div>\n\t\t<\/div>\n\t\t\t\t<div class=\"elementor-column elementor-col-50 elementor-inner-column elementor-element elementor-element-5710144b\" data-id=\"5710144b\" data-element_type=\"column\">\n\t\t\t<div class=\"elementor-widget-wrap elementor-element-populated\">\n\t\t\t\t\t\t\t\t<div class=\"elementor-element elementor-element-995778e elementor-widget elementor-widget-rt-section-heading\" data-id=\"995778e\" data-element_type=\"widget\" data-widget_type=\"rt-section-heading.default\">\n\t\t\t\t<div class=\"elementor-widget-container\">\n\t\t\t\n<div class=\"section_heading_wrap\">\n\t<div class=\"section-heading\">\n\t\t\t\t<div class=\"heading-sub-title\">Contact us<\/div>\n\t\t\t<h2 class=\"heading-main-title\">If you have any questions, send us a message.\n<\/h2>\n\t\t<\/div>\n\t<\/div>\n\t\t<\/div>\n\t\t\t\t<\/div>\n\t\t\t\t<div class=\"elementor-element elementor-element-863bfa7 elementor-button-align-start elementor-widget elementor-widget-form\" data-id=\"863bfa7\" data-element_type=\"widget\" data-settings=\"{&quot;button_width&quot;:&quot;30&quot;,&quot;step_next_label&quot;:&quot;Next&quot;,&quot;step_previous_label&quot;:&quot;Previous&quot;,&quot;step_type&quot;:&quot;number_text&quot;,&quot;step_icon_shape&quot;:&quot;circle&quot;}\" data-no-translation=\"\" data-widget_type=\"form.default\">\n\t\t\t\t<div class=\"elementor-widget-container\">\n\t\t\t<style>.elementor-element-863bfa7{display:none !important}<\/style>\t\t<\/div>\n\t\t\t\t<\/div>\n\t\t\t\t<div class=\"elementor-element elementor-element-be4f2ac elementor-button-align-start elementor-widget elementor-widget-form\" data-id=\"be4f2ac\" data-element_type=\"widget\" data-settings=\"{&quot;button_width&quot;:&quot;30&quot;,&quot;step_next_label&quot;:&quot;Next&quot;,&quot;step_previous_label&quot;:&quot;Previous&quot;,&quot;step_type&quot;:&quot;number_text&quot;,&quot;step_icon_shape&quot;:&quot;circle&quot;}\" data-no-translation=\"\" data-widget_type=\"form.default\">\n\t\t\t\t<div class=\"elementor-widget-container\">\n\t\t\t<style>.elementor-element-be4f2ac{display:none !important}<\/style>\t\t<\/div>\n\t\t\t\t<\/div>\n\t\t\t\t<div class=\"elementor-element elementor-element-7b3c1b7 elementor-button-align-start elementor-widget elementor-widget-form\" data-id=\"7b3c1b7\" data-element_type=\"widget\" data-settings=\"{&quot;button_width&quot;:&quot;30&quot;,&quot;step_next_label&quot;:&quot;Next&quot;,&quot;step_previous_label&quot;:&quot;Previous&quot;,&quot;step_type&quot;:&quot;number_text&quot;,&quot;step_icon_shape&quot;:&quot;circle&quot;}\" data-no-translation=\"\" data-widget_type=\"form.default\">\n\t\t\t\t<div class=\"elementor-widget-container\">\n\t\t\t\t\t<form class=\"elementor-form\" method=\"post\" name=\"New Form\" action=\"\">\n\t\t\t<input type=\"hidden\" name=\"post_id\" value=\"657\"\/>\n\t\t\t<input type=\"hidden\" name=\"form_id\" value=\"7b3c1b7\"\/>\n\t\t\t<input type=\"hidden\" name=\"referer_title\" value=\"\" \/>\n\n\t\t\t\n\t\t\t<div class=\"elementor-form-fields-wrapper elementor-labels-\">\n\t\t\t\t\t\t\t\t<div class=\"elementor-field-type-text elementor-field-group elementor-column elementor-field-group-name elementor-col-50 elementor-field-required\">\n\t\t\t\t\t<input size=\"1\" type=\"text\" name=\"form_fields[name]\" id=\"form-field-name\" class=\"elementor-field elementor-size-sm  elementor-field-textual\" placeholder=\"Name *\" required=\"required\" aria-required=\"true\">\t\t\t\t<\/div>\n\t\t\t\t\t\t\t\t<div class=\"elementor-field-type-email elementor-field-group elementor-column elementor-field-group-email elementor-col-50 elementor-field-required\">\n\t\t\t\t\t<input size=\"1\" type=\"email\" name=\"form_fields[email]\" id=\"form-field-email\" class=\"elementor-field elementor-size-sm  elementor-field-textual\" placeholder=\"Email *\" required=\"required\" aria-required=\"true\">\t\t\t\t<\/div>\n\t\t\t\t\t\t\t\t<div class=\"elementor-field-type-tel elementor-field-group elementor-column elementor-field-group-field_811fd5d elementor-col-50 elementor-field-required\">\n\t\t\t\t\t<label for=\"form-field-field_811fd5d\" class=\"elementor-field-label elementor-screen-only\">Phone <\/label><input size=\"1\" type=\"tel\" name=\"form_fields[field_811fd5d]\" id=\"form-field-field_811fd5d\" class=\"elementor-field elementor-size-sm  elementor-field-textual\" placeholder=\"Phone *\" required=\"required\" aria-required=\"true\" pattern=\"[0-9()#&amp;+*-=.]+\" title=\"Only numbers and phone characters (#, -, *, etc) are accepted.\">\t\t\t\t<\/div>\n\t\t\t\t\t\t\t\t<div class=\"elementor-field-type-text elementor-field-group elementor-column elementor-field-group-field_f441bbe elementor-col-50\">\n\t\t\t\t\t<label for=\"form-field-field_f441bbe\" class=\"elementor-field-label elementor-screen-only\">Subject<\/label><input size=\"1\" type=\"text\" name=\"form_fields[field_f441bbe]\" id=\"form-field-field_f441bbe\" class=\"elementor-field elementor-size-sm  elementor-field-textual\" placeholder=\"Subject\">\t\t\t\t<\/div>\n\t\t\t\t\t\t\t\t<div class=\"elementor-field-type-textarea elementor-field-group elementor-column elementor-field-group-message elementor-col-100 elementor-field-required\">\n\t\t\t\t\t<label for=\"form-field-message\" class=\"elementor-field-label elementor-screen-only\">Message <\/label><textarea class=\"elementor-field-textual elementor-field  elementor-size-sm\" name=\"form_fields[message]\" id=\"form-field-message\" rows=\"4\" placeholder=\"Message *\" required=\"required\" aria-required=\"true\"><\/textarea>\t\t\t\t<\/div>\n\t\t\t\t\t\t\t\t<div class=\"elementor-field-group elementor-column elementor-field-type-submit elementor-col-30 e-form__buttons\">\n\t\t\t\t\t<button type=\"submit\" class=\"elementor-button elementor-size-md\">\n\t\t\t\t\t\t<span >\n\t\t\t\t\t\t\t\t\t\t\t\t\t\t\t<span class=\"elementor-button-icon\">\n\t\t\t\t\t\t\t\t\t\t\t\t\t\t\t\t\t\t\t\t\t\t\t\t\t\t<\/span>\n\t\t\t\t\t\t\t\t\t\t\t\t\t\t\t\t\t\t\t\t\t\t<span class=\"elementor-button-text\">Send<\/span>\n\t\t\t\t\t\t\t\t\t\t\t\t\t<\/span>\n\t\t\t\t\t<\/button>\n\t\t\t\t<\/div>\n\t\t\t<\/div>\n\t\t<input type=\"hidden\" name=\"trp-form-language\" value=\"en\"\/><\/form>\n\t\t\t\t<\/div>\n\t\t\t\t<\/div>\n\t\t\t\t\t<\/div>\n\t\t<\/div>\n\t\t\t\t\t\t\t<\/div>\n\t\t<\/section>\n\t\t\t\t<section class=\"elementor-section elementor-inner-section elementor-element elementor-element-7f943b11 elementor-hidden-desktop elementor-section-boxed elementor-section-height-default elementor-section-height-default\" data-id=\"7f943b11\" data-element_type=\"section\" data-settings=\"{&quot;background_background&quot;:&quot;classic&quot;}\">\n\t\t\t\t\t\t<div class=\"elementor-container elementor-column-gap-default\">\n\t\t\t\t\t<div class=\"elementor-column elementor-col-100 elementor-inner-column elementor-element elementor-element-6c551e9\" data-id=\"6c551e9\" data-element_type=\"column\" data-settings=\"{&quot;background_background&quot;:&quot;classic&quot;}\">\n\t\t\t<div class=\"elementor-widget-wrap elementor-element-populated\">\n\t\t\t\t\t\t\t\t<div class=\"elementor-element elementor-element-873ee69 elementor-widget elementor-widget-rt-section-heading\" data-id=\"873ee69\" data-element_type=\"widget\" data-widget_type=\"rt-section-heading.default\">\n\t\t\t\t<div class=\"elementor-widget-container\">\n\t\t\t\n<div class=\"section_heading_wrap\">\n\t<div class=\"section-heading\">\n\t\t\t\t<div class=\"heading-sub-title\">Contact us<\/div>\n\t\t\t<h2 class=\"heading-main-title\">If you have any questions, send us a message.\n<\/h2>\n\t\t<\/div>\n\t<\/div>\n\t\t<\/div>\n\t\t\t\t<\/div>\n\t\t\t\t<div class=\"elementor-element elementor-element-c965bb8 elementor-button-align-stretch elementor-widget elementor-widget-form\" data-id=\"c965bb8\" data-element_type=\"widget\" data-settings=\"{&quot;button_width&quot;:&quot;25&quot;,&quot;step_next_label&quot;:&quot;Next&quot;,&quot;step_previous_label&quot;:&quot;Previous&quot;,&quot;step_type&quot;:&quot;number_text&quot;,&quot;step_icon_shape&quot;:&quot;circle&quot;}\" data-no-translation=\"\" data-widget_type=\"form.default\">\n\t\t\t\t<div class=\"elementor-widget-container\">\n\t\t\t<style>.elementor-element-c965bb8{display:none !important}<\/style>\t\t<\/div>\n\t\t\t\t<\/div>\n\t\t\t\t<div class=\"elementor-element elementor-element-0087c1b elementor-button-align-stretch elementor-widget elementor-widget-form\" data-id=\"0087c1b\" data-element_type=\"widget\" data-settings=\"{&quot;button_width&quot;:&quot;25&quot;,&quot;step_next_label&quot;:&quot;Next&quot;,&quot;step_previous_label&quot;:&quot;Previous&quot;,&quot;step_type&quot;:&quot;number_text&quot;,&quot;step_icon_shape&quot;:&quot;circle&quot;}\" data-no-translation=\"\" data-widget_type=\"form.default\">\n\t\t\t\t<div class=\"elementor-widget-container\">\n\t\t\t<style>.elementor-element-0087c1b{display:none !important}<\/style>\t\t<\/div>\n\t\t\t\t<\/div>\n\t\t\t\t<div class=\"elementor-element elementor-element-9de3ed4 elementor-button-align-stretch elementor-widget elementor-widget-form\" data-id=\"9de3ed4\" data-element_type=\"widget\" data-settings=\"{&quot;button_width&quot;:&quot;25&quot;,&quot;step_next_label&quot;:&quot;Next&quot;,&quot;step_previous_label&quot;:&quot;Previous&quot;,&quot;step_type&quot;:&quot;number_text&quot;,&quot;step_icon_shape&quot;:&quot;circle&quot;}\" data-no-translation=\"\" data-widget_type=\"form.default\">\n\t\t\t\t<div class=\"elementor-widget-container\">\n\t\t\t\t\t<form class=\"elementor-form\" method=\"post\" name=\"New Form\" action=\"\">\n\t\t\t<input type=\"hidden\" name=\"post_id\" value=\"657\"\/>\n\t\t\t<input type=\"hidden\" name=\"form_id\" value=\"9de3ed4\"\/>\n\t\t\t<input type=\"hidden\" name=\"referer_title\" value=\"\" \/>\n\n\t\t\t\n\t\t\t<div class=\"elementor-form-fields-wrapper elementor-labels-\">\n\t\t\t\t\t\t\t\t<div class=\"elementor-field-type-text elementor-field-group elementor-column elementor-field-group-name elementor-col-50 elementor-field-required\">\n\t\t\t\t\t<input size=\"1\" type=\"text\" name=\"form_fields[name]\" id=\"form-field-name\" class=\"elementor-field elementor-size-sm  elementor-field-textual\" placeholder=\"Name *\" required=\"required\" aria-required=\"true\">\t\t\t\t<\/div>\n\t\t\t\t\t\t\t\t<div class=\"elementor-field-type-email elementor-field-group elementor-column elementor-field-group-email elementor-col-50 elementor-field-required\">\n\t\t\t\t\t<input size=\"1\" type=\"email\" name=\"form_fields[email]\" id=\"form-field-email\" class=\"elementor-field elementor-size-sm  elementor-field-textual\" placeholder=\"Email *\" required=\"required\" aria-required=\"true\">\t\t\t\t<\/div>\n\t\t\t\t\t\t\t\t<div class=\"elementor-field-type-tel elementor-field-group elementor-column elementor-field-group-field_811fd5d elementor-col-50 elementor-field-required\">\n\t\t\t\t\t<label for=\"form-field-field_811fd5d\" class=\"elementor-field-label elementor-screen-only\">Phone<\/label><input size=\"1\" type=\"tel\" name=\"form_fields[field_811fd5d]\" id=\"form-field-field_811fd5d\" class=\"elementor-field elementor-size-sm  elementor-field-textual\" placeholder=\"Phone *\" required=\"required\" aria-required=\"true\" pattern=\"[0-9()#&amp;+*-=.]+\" title=\"Only numbers and phone characters (#, -, *, etc) are accepted.\">\t\t\t\t<\/div>\n\t\t\t\t\t\t\t\t<div class=\"elementor-field-type-text elementor-field-group elementor-column elementor-field-group-field_f441bbe elementor-col-50\">\n\t\t\t\t\t<label for=\"form-field-field_f441bbe\" class=\"elementor-field-label elementor-screen-only\">Subject<\/label><input size=\"1\" type=\"text\" name=\"form_fields[field_f441bbe]\" id=\"form-field-field_f441bbe\" class=\"elementor-field elementor-size-sm  elementor-field-textual\" placeholder=\"Subject\">\t\t\t\t<\/div>\n\t\t\t\t\t\t\t\t<div class=\"elementor-field-type-textarea elementor-field-group elementor-column elementor-field-group-message elementor-col-100 elementor-field-required\">\n\t\t\t\t\t<label for=\"form-field-message\" class=\"elementor-field-label elementor-screen-only\">Message<\/label><textarea class=\"elementor-field-textual elementor-field  elementor-size-sm\" name=\"form_fields[message]\" id=\"form-field-message\" rows=\"4\" placeholder=\"Message *\" required=\"required\" aria-required=\"true\"><\/textarea>\t\t\t\t<\/div>\n\t\t\t\t\t\t\t\t<div class=\"elementor-field-group elementor-column elementor-field-type-submit elementor-col-25 e-form__buttons\">\n\t\t\t\t\t<button type=\"submit\" class=\"elementor-button elementor-size-md\">\n\t\t\t\t\t\t<span >\n\t\t\t\t\t\t\t\t\t\t\t\t\t\t\t<span class=\"elementor-button-icon\">\n\t\t\t\t\t\t\t\t\t\t\t\t\t\t\t\t\t\t\t\t\t\t\t\t\t\t<\/span>\n\t\t\t\t\t\t\t\t\t\t\t\t\t\t\t\t\t\t\t\t\t\t<span class=\"elementor-button-text\">Send<\/span>\n\t\t\t\t\t\t\t\t\t\t\t\t\t<\/span>\n\t\t\t\t\t<\/button>\n\t\t\t\t<\/div>\n\t\t\t<\/div>\n\t\t<input type=\"hidden\" name=\"trp-form-language\" value=\"en\"\/><\/form>\n\t\t\t\t<\/div>\n\t\t\t\t<\/div>\n\t\t\t\t\t<\/div>\n\t\t<\/div>\n\t\t\t\t\t\t\t<\/div>\n\t\t<\/section>\n\t\t\t\t\t<\/div>\n\t\t<\/div>\n\t\t\t\t<div class=\"elementor-column elementor-col-50 elementor-top-column elementor-element elementor-element-6164dd6f\" data-id=\"6164dd6f\" data-element_type=\"column\">\n\t\t\t<div class=\"elementor-widget-wrap elementor-element-populated\">\n\t\t\t\t\t\t\t\t<section class=\"elementor-section elementor-inner-section elementor-element elementor-element-7eae4985 elementor-section-boxed elementor-section-height-default elementor-section-height-default\" data-id=\"7eae4985\" data-element_type=\"section\">\n\t\t\t\t\t\t<div class=\"elementor-container elementor-column-gap-default\">\n\t\t\t\t\t<div class=\"elementor-column elementor-col-50 elementor-inner-column elementor-element elementor-element-75c0e82\" data-id=\"75c0e82\" data-element_type=\"column\">\n\t\t\t<div class=\"elementor-widget-wrap elementor-element-populated\">\n\t\t\t\t\t\t\t\t<div class=\"elementor-element elementor-element-aaebd43 elementor-widget elementor-widget-rt-prograss-box\" data-id=\"aaebd43\" data-element_type=\"widget\" data-widget_type=\"rt-prograss-box.default\">\n\t\t\t\t<div class=\"elementor-widget-container\">\n\t\t\t\n<div class=\"progress-wrap-layout2\">\n\t<div class=\"progress-inner\">\n\t\t<ul>\n\t\t\t\t\t\t<li>\n\t\t\t\t<div class=\"progress-box-layout2 pbox-bg wow animated fadeInUp\" data-wow-delay=\"0.2s\">\n\t\t\t\t\t\t\t\t\t\t<div class=\"counting-text counter\" data-num=\"1825\">1825<\/div>\n\t\t\t\t\t\t\t\t\t\t<p class=\"item-title\">Advocacy hours<\/p>\n\t\t\t\t\t\t\t\t\t<\/div>\n\t\t\t<\/li>\n\t\t\t\t\t\t<li>\n\t\t\t\t<div class=\"progress-box-layout2  wow animated fadeInUp\" data-wow-delay=\"0.4s\">\n\t\t\t\t\t\t\t\t\t\t<div class=\"counting-text counter\" data-num=\"343\">343<\/div>\n\t\t\t\t\t\t\t\t\t\t<p class=\"item-title\">Success cases<\/p>\n\t\t\t\t\t\t\t\t\t<\/div>\n\t\t\t<\/li>\n\t\t\t\t\t\t<li>\n\t\t\t\t<div class=\"progress-box-layout2  wow animated fadeInUp\" data-wow-delay=\"0.2s\">\n\t\t\t\t\t\t\t\t\t\t<div class=\"counting-text counter\" data-num=\"26\">26<\/div>\n\t\t\t\t\t\t\t\t\t\t<p class=\"item-title\">Cities<\/p>\n\t\t\t\t\t\t\t\t\t<\/div>\n\t\t\t<\/li>\n\t\t\t\t\t\t<li>\n\t\t\t\t<div class=\"progress-box-layout2 pbox-bg wow animated fadeInUp\" data-wow-delay=\"0.4s\">\n\t\t\t\t\t\t\t\t\t\t<div class=\"counting-text counter\" data-num=\"7\">7<\/div>\n\t\t\t\t\t\t\t\t\t\t<p class=\"item-title\">Countries<\/p>\n\t\t\t\t\t\t\t\t\t<\/div>\n\t\t\t<\/li>\n\t\t\t\t\t<\/ul>\n\t<\/div>\n<\/div>\t\t<\/div>\n\t\t\t\t<\/div>\n\t\t\t\t\t<\/div>\n\t\t<\/div>\n\t\t\t\t<div class=\"elementor-column elementor-col-50 elementor-inner-column elementor-element elementor-element-226bdb8\" data-id=\"226bdb8\" data-element_type=\"column\">\n\t\t\t<div class=\"elementor-widget-wrap\">\n\t\t\t\t\t\t\t\t\t<\/div>\n\t\t<\/div>\n\t\t\t\t\t\t\t<\/div>\n\t\t<\/section>\n\t\t\t\t\t<\/div>\n\t\t<\/div>\n\t\t\t\t\t\t\t<\/div>\n\t\t<\/section>\n\t\t\t\t\t\t<\/div>\n\t\t\t\t\t<\/div>","protected":false},"excerpt":{"rendered":"<p>Jo\u00e3o Advocacia O escrit\u00f3rio Jo\u00e3o Advocacia surgiu com o compromisso de atender a seus clientes de forma personalizada e exclusiva. Al\u00e9m do vasto conhecimento jur\u00eddico, Jo\u00e3o Advocacia investe, sobretudo, na capacidade de priorizar a rela\u00e7\u00e3o com seus clientes do in\u00edcio at\u00e9 o \u00faltimo ato processual, tendo em vista os princ\u00edpios da \u00e9tica, transpar\u00eancia e coopera\u00e7\u00e3o,&#8230;<\/p>","protected":false},"author":1,"featured_media":0,"parent":0,"menu_order":0,"comment_status":"closed","ping_status":"closed","template":"templates\/blank.php","meta":[],"_links":{"self":[{"href":"https:\/\/joaoadvocacia.com\/en\/wp-json\/wp\/v2\/pages\/657"}],"collection":[{"href":"https:\/\/joaoadvocacia.com\/en\/wp-json\/wp\/v2\/pages"}],"about":[{"href":"https:\/\/joaoadvocacia.com\/en\/wp-json\/wp\/v2\/types\/page"}],"author":[{"embeddable":true,"href":"https:\/\/joaoadvocacia.com\/en\/wp-json\/wp\/v2\/users\/1"}],"replies":[{"embeddable":true,"href":"https:\/\/joaoadvocacia.com\/en\/wp-json\/wp\/v2\/comments?post=657"}],"version-history":[{"count":97,"href":"https:\/\/joaoadvocacia.com\/en\/wp-json\/wp\/v2\/pages\/657\/revisions"}],"predecessor-version":[{"id":9790,"href":"https:\/\/joaoadvocacia.com\/en\/wp-json\/wp\/v2\/pages\/657\/revisions\/9790"}],"wp:attachment":[{"href":"https:\/\/joaoadvocacia.com\/en\/wp-json\/wp\/v2\/media?parent=657"}],"curies":[{"name":"wp","href":"https:\/\/api.w.org\/{rel}","templated":true}]}}